{"id":37,"date":"2023-09-17T21:30:59","date_gmt":"2023-09-17T19:30:59","guid":{"rendered":"https:\/\/school.iars-africa.org\/?page_id=37"},"modified":"2023-09-22T11:58:17","modified_gmt":"2023-09-22T09:58:17","slug":"notation","status":"publish","type":"page","link":"https:\/\/school.iars-africa.org\/index.php\/notation\/","title":{"rendered":"Notation"},"content":{"rendered":"\t\t<div data-elementor-type=\"wp-page\" data-elementor-id=\"37\" class=\"elementor elementor-37\">\n\t\t\t\t\t\t<section class=\"elementor-section elementor-top-section elementor-element elementor-element-82a5ae2 elementor-section-full_width elementor-section-height-min-height elementor-section-stretched elementor-section-height-default elementor-section-items-middle\" data-id=\"82a5ae2\" data-element_type=\"section\" data-e-type=\"section\" data-settings=\"{&quot;stretch_section&quot;:&quot;section-stretched&quot;,&quot;background_background&quot;:&quot;classic&quot;}\">\n\t\t\t\t\t\t\t<div class=\"elementor-background-overlay\"><\/div>\n\t\t\t\t\t\t\t<div class=\"elementor-container elementor-column-gap-default\">\n\t\t\t\t\t<div class=\"elementor-column elementor-col-100 elementor-top-column elementor-element elementor-element-26fb3ae\" data-id=\"26fb3ae\" data-element_type=\"column\" data-e-type=\"column\">\n\t\t\t<div class=\"elementor-widget-wrap elementor-element-populated\">\n\t\t\t\t\t\t<div class=\"elementor-element elementor-element-a30d5c0 elementor-widget elementor-widget-heading\" data-id=\"a30d5c0\" data-element_type=\"widget\" data-e-type=\"widget\" data-widget_type=\"heading.default\">\n\t\t\t\t<div class=\"elementor-widget-container\">\n\t\t\t\t\t<h1 class=\"elementor-heading-title elementor-size-default\">NOTATION<\/h1>\t\t\t\t<\/div>\n\t\t\t\t<\/div>\n\t\t\t\t<div class=\"elementor-element elementor-element-afb5025 elementor-widget-divider--view-line elementor-widget elementor-widget-divider\" data-id=\"afb5025\" data-element_type=\"widget\" data-e-type=\"widget\" data-widget_type=\"divider.default\">\n\t\t\t\t<div class=\"elementor-widget-container\">\n\t\t\t\t\t\t\t<div class=\"elementor-divider\">\n\t\t\t<span class=\"elementor-divider-separator\">\n\t\t\t\t\t\t<\/span>\n\t\t<\/div>\n\t\t\t\t\t\t<\/div>\n\t\t\t\t<\/div>\n\t\t\t\t\t<\/div>\n\t\t<\/div>\n\t\t\t\t\t<\/div>\n\t\t<\/section>\n\t\t\t\t<section class=\"elementor-section elementor-top-section elementor-element elementor-element-250e949 notation_titre elementor-section-full_width elementor-section-stretched elementor-section-height-default elementor-section-height-default\" data-id=\"250e949\" data-element_type=\"section\" data-e-type=\"section\" id=\"notation_titre\" data-settings=\"{&quot;background_background&quot;:&quot;classic&quot;,&quot;stretch_section&quot;:&quot;section-stretched&quot;}\">\n\t\t\t\t\t\t<div class=\"elementor-container elementor-column-gap-default\">\n\t\t\t\t\t<div class=\"elementor-column elementor-col-100 elementor-top-column elementor-element elementor-element-342e0da coachpress-section7-mid\" data-id=\"342e0da\" data-element_type=\"column\" data-e-type=\"column\">\n\t\t\t<div class=\"elementor-widget-wrap elementor-element-populated\">\n\t\t\t\t\t\t<div class=\"elementor-element elementor-element-1ec9301 elementor-align-center coachpress-asfeatured-btn elementor-widget elementor-widget-button\" data-id=\"1ec9301\" data-element_type=\"widget\" data-e-type=\"widget\" data-widget_type=\"button.default\">\n\t\t\t\t<div class=\"elementor-widget-container\">\n\t\t\t\t\t\t\t\t\t<div class=\"elementor-button-wrapper\">\n\t\t\t\t\t<a class=\"elementor-button elementor-size-sm\" role=\"button\">\n\t\t\t\t\t\t<span class=\"elementor-button-content-wrapper\">\n\t\t\t\t\t\t\t\t\t<span class=\"elementor-button-text\">NOTATION<\/span>\n\t\t\t\t\t<\/span>\n\t\t\t\t\t<\/a>\n\t\t\t\t<\/div>\n\t\t\t\t\t\t\t\t<\/div>\n\t\t\t\t<\/div>\n\t\t\t\t\t<\/div>\n\t\t<\/div>\n\t\t\t\t\t<\/div>\n\t\t<\/section>\n\t\t\t\t<section class=\"elementor-section elementor-top-section elementor-element elementor-element-3a946a0 elementor-section-boxed elementor-section-height-default elementor-section-height-default\" data-id=\"3a946a0\" data-element_type=\"section\" data-e-type=\"section\">\n\t\t\t\t\t\t<div class=\"elementor-container elementor-column-gap-no\">\n\t\t\t\t\t<div class=\"elementor-column elementor-col-50 elementor-top-column elementor-element elementor-element-d8de4e4\" data-id=\"d8de4e4\" data-element_type=\"column\" data-e-type=\"column\" data-settings=\"{&quot;background_background&quot;:&quot;classic&quot;}\">\n\t\t\t<div class=\"elementor-widget-wrap elementor-element-populated\">\n\t\t\t\t\t\t<div class=\"elementor-element elementor-element-4bd344e elementor-widget elementor-widget-text-editor\" data-id=\"4bd344e\" data-element_type=\"widget\" data-e-type=\"widget\" data-widget_type=\"text-editor.default\">\n\t\t\t\t<div class=\"elementor-widget-container\">\n\t\t\t\t\t\t\t\t\t<p>Vous \u00eates une \u00e9cole ou universit\u00e9 et vous souhaitez savoir si vous \u00eates mieux positionner dans votre environnement comme une \u00e9cole ou universit\u00e9 de r\u00e9f\u00e9rence ? School Rating vous \u00e9value pour comprendre votre positionnement et vous aide \u00e0 l\u2019am\u00e9liorer \u00e0 travers un accompagnement sur mesure sur l\u2019ensemble des aspects n\u00e9cessaires pour un meilleur apprentissage, en attirant plus d\u2019apprenants, de partenaires, \u2026<\/p>\t\t\t\t\t\t\t\t<\/div>\n\t\t\t\t<\/div>\n\t\t\t\t\t<\/div>\n\t\t<\/div>\n\t\t\t\t<div class=\"elementor-column elementor-col-50 elementor-top-column elementor-element elementor-element-a49128e elementor-hidden-tablet elementor-hidden-mobile\" data-id=\"a49128e\" data-element_type=\"column\" data-e-type=\"column\">\n\t\t\t<div class=\"elementor-widget-wrap\">\n\t\t\t\t\t\t\t<\/div>\n\t\t<\/div>\n\t\t\t\t\t<\/div>\n\t\t<\/section>\n\t\t\t\t<section class=\"elementor-section elementor-top-section elementor-element elementor-element-9b26585 elementor-section-height-min-height elementor-section-stretched elementor-section-boxed elementor-section-height-default elementor-section-items-middle\" data-id=\"9b26585\" data-element_type=\"section\" data-e-type=\"section\" data-settings=\"{&quot;stretch_section&quot;:&quot;section-stretched&quot;,&quot;background_background&quot;:&quot;classic&quot;}\">\n\t\t\t\t\t\t\t<div class=\"elementor-background-overlay\"><\/div>\n\t\t\t\t\t\t\t<div class=\"elementor-container elementor-column-gap-default\">\n\t\t\t\t\t<div class=\"elementor-column elementor-col-50 elementor-top-column elementor-element elementor-element-a78c54d\" data-id=\"a78c54d\" data-element_type=\"column\" data-e-type=\"column\">\n\t\t\t<div class=\"elementor-widget-wrap elementor-element-populated\">\n\t\t\t\t\t\t<div class=\"elementor-element elementor-element-789198f elementor-widget elementor-widget-heading\" data-id=\"789198f\" data-element_type=\"widget\" data-e-type=\"widget\" data-widget_type=\"heading.default\">\n\t\t\t\t<div class=\"elementor-widget-container\">\n\t\t\t\t\t<h1 class=\"elementor-heading-title elementor-size-default\">Pourquoi la notation ?<\/h1>\t\t\t\t<\/div>\n\t\t\t\t<\/div>\n\t\t\t\t\t<\/div>\n\t\t<\/div>\n\t\t\t\t<div class=\"elementor-column elementor-col-50 elementor-top-column elementor-element elementor-element-ebfa581 elementor-hidden-tablet elementor-hidden-mobile\" data-id=\"ebfa581\" data-element_type=\"column\" data-e-type=\"column\">\n\t\t\t<div class=\"elementor-widget-wrap\">\n\t\t\t\t\t\t\t<\/div>\n\t\t<\/div>\n\t\t\t\t\t<\/div>\n\t\t<\/section>\n\t\t\t\t<section class=\"elementor-section elementor-top-section elementor-element elementor-element-346bb30 elementor-section-stretched elementor-section-boxed elementor-section-height-default elementor-section-height-default\" data-id=\"346bb30\" data-element_type=\"section\" data-e-type=\"section\" data-settings=\"{&quot;stretch_section&quot;:&quot;section-stretched&quot;,&quot;background_background&quot;:&quot;classic&quot;}\">\n\t\t\t\t\t\t<div class=\"elementor-container elementor-column-gap-no\">\n\t\t\t\t\t<div class=\"elementor-column elementor-col-100 elementor-top-column elementor-element elementor-element-6ff7cb2\" data-id=\"6ff7cb2\" data-element_type=\"column\" data-e-type=\"column\" data-settings=\"{&quot;background_background&quot;:&quot;classic&quot;}\">\n\t\t\t<div class=\"elementor-widget-wrap elementor-element-populated\">\n\t\t\t\t\t\t<div class=\"elementor-element elementor-element-3d87921 elementor-widget elementor-widget-text-editor\" data-id=\"3d87921\" data-element_type=\"widget\" data-e-type=\"widget\" data-widget_type=\"text-editor.default\">\n\t\t\t\t<div class=\"elementor-widget-container\">\n\t\t\t\t\t\t\t\t\t<p>La notation est n\u00e9cessaire afin de vous distinguer des autres \u00e9cole ou universit\u00e9 \u00e0 travers votre savoir-faire, votre capacit\u00e9 \u00e0 ins\u00e9rer vos \u00e9tudiants.es, vos partenariats avec les entreprises, les \u00e9coles ou universit\u00e9s \u00e9trang\u00e8res via la mobilit\u00e9 de vos \u00e9tudiants et un corpus professoral de qualit\u00e9 avec des programmes et outils qui s\u2019adaptent aux r\u00e9alit\u00e9s du march\u00e9 du travail (besoins des entreprises).<\/p><p>Pour un \u00e9tudiant et ses parents, il s\u2019agit de conditions n\u00e9cessaires qui impactent le choix d\u2019inscription dans un \u00e9tablissement. Nous vous donnons un avis en toute ind\u00e9pendance et int\u00e9grit\u00e9 pour attirer les meilleurs \u00e9tudiants et parties prenantes pour asseoir votre r\u00e9putation et p\u00e9rennit\u00e9 dans un syst\u00e8me ou les mauvaises \u00e9coles ou universit\u00e9s n\u2019h\u00e9site pas par manque d\u2019agence de notation \u00e0 faire de l\u2019infox pour attirer les \u00e9tudiants et leurs parents.<\/p><p>La notation permet aux \u00e9tablissements de donner un signal ou une information dans leur environnement sur leur s\u00e9rieux, la qualit\u00e9 de l\u2019enseignement et du cadre d\u2019apprentissage afin de faciliter le choix des parents et des apprenants. Faire le choix de la notation, c\u2019est faire le choix de la qualit\u00e9, de la transparence et de l\u2019int\u00e9grit\u00e9.<\/p>\t\t\t\t\t\t\t\t<\/div>\n\t\t\t\t<\/div>\n\t\t\t\t\t<\/div>\n\t\t<\/div>\n\t\t\t\t\t<\/div>\n\t\t<\/section>\n\t\t\t\t<section class=\"elementor-section elementor-top-section elementor-element elementor-element-121eae9 elementor-section-height-min-height elementor-section-stretched elementor-section-boxed elementor-section-height-default elementor-section-items-middle\" data-id=\"121eae9\" data-element_type=\"section\" data-e-type=\"section\" data-settings=\"{&quot;stretch_section&quot;:&quot;section-stretched&quot;,&quot;background_background&quot;:&quot;classic&quot;}\">\n\t\t\t\t\t\t\t<div class=\"elementor-background-overlay\"><\/div>\n\t\t\t\t\t\t\t<div class=\"elementor-container elementor-column-gap-default\">\n\t\t\t\t\t<div class=\"elementor-column elementor-col-50 elementor-top-column elementor-element elementor-element-6c64988\" data-id=\"6c64988\" data-element_type=\"column\" data-e-type=\"column\">\n\t\t\t<div class=\"elementor-widget-wrap\">\n\t\t\t\t\t\t\t<\/div>\n\t\t<\/div>\n\t\t\t\t<div class=\"elementor-column elementor-col-50 elementor-top-column elementor-element elementor-element-edc667f\" data-id=\"edc667f\" data-element_type=\"column\" data-e-type=\"column\">\n\t\t\t<div class=\"elementor-widget-wrap elementor-element-populated\">\n\t\t\t\t\t\t<div class=\"elementor-element elementor-element-b8bfecb elementor-widget elementor-widget-heading\" data-id=\"b8bfecb\" data-element_type=\"widget\" data-e-type=\"widget\" data-widget_type=\"heading.default\">\n\t\t\t\t<div class=\"elementor-widget-container\">\n\t\t\t\t\t<h2 class=\"elementor-heading-title elementor-size-default\">\u00c9mission de la notation<\/h2>\t\t\t\t<\/div>\n\t\t\t\t<\/div>\n\t\t\t\t\t<\/div>\n\t\t<\/div>\n\t\t\t\t\t<\/div>\n\t\t<\/section>\n\t\t\t\t<section class=\"elementor-section elementor-top-section elementor-element elementor-element-bffde03 elementor-section-stretched elementor-section-boxed elementor-section-height-default elementor-section-height-default\" data-id=\"bffde03\" data-element_type=\"section\" data-e-type=\"section\" data-settings=\"{&quot;stretch_section&quot;:&quot;section-stretched&quot;,&quot;background_background&quot;:&quot;classic&quot;}\">\n\t\t\t\t\t\t<div class=\"elementor-container elementor-column-gap-no\">\n\t\t\t\t\t<div class=\"elementor-column elementor-col-100 elementor-top-column elementor-element elementor-element-b259616\" data-id=\"b259616\" data-element_type=\"column\" data-e-type=\"column\" data-settings=\"{&quot;background_background&quot;:&quot;classic&quot;}\">\n\t\t\t<div class=\"elementor-widget-wrap elementor-element-populated\">\n\t\t\t\t\t\t<div class=\"elementor-element elementor-element-694d52c elementor-widget elementor-widget-text-editor\" data-id=\"694d52c\" data-element_type=\"widget\" data-e-type=\"widget\" data-widget_type=\"text-editor.default\">\n\t\t\t\t<div class=\"elementor-widget-container\">\n\t\t\t\t\t\t\t\t\t<p>La proc\u00e9dure de notation commence par une analyse quantitative et qualitative comme l\u2019\u00e9valuation de vos infrastructures et \u00e9quipements, la formation et les qualifications des personnels de l\u2019\u00e9ducation et de la formation, les programmes et le mat\u00e9riel p\u00e9dagogique, les processus d\u2019enseignement apprentissage, l\u2019admission et l\u2019efficacit\u00e9, la gouvernance, la capacit\u00e9 d\u2019insertion des apprenants, les partenariats avec les entreprises et autres \u00e9coles ou universit\u00e9s, le retour des \u00e9tudiants\u2026<\/p>\n<p>L\u2019ensemble de ces param\u00e8tres sont par la suite compar\u00e9s \u00e0 un benchmark des \u00e9tablissements dans le m\u00eame secteur ayant les m\u00eames caract\u00e9ristiques (comme le nombre d\u2019\u00e9tudiant, la ville, le pays, le continent) pour d\u00e9terminer votre note en fonction d\u2019un mod\u00e8le unique au monde d\u00e9velopp\u00e9 par School Rating. La notation se fait deux fois sur une dur\u00e9e de 12 mois afin de permettre aux \u00e9tablissements de prendre en compte les recommandations de l\u2019agence afin d\u2019ajuster leur note.<\/p>\n<p>La note n\u2019est pas statique, mais dynamique dans le temps. Elle permet \u00e0 l\u2019\u00e9cole ou universit\u00e9 de s\u2019ajuster pour coller aux \u00e9volutions de la soci\u00e9t\u00e9 pour attirer les meilleurs apprenants. Une fois que la note est \u00e9tablie, elle sera publi\u00e9e sur le site web de School Rating et dans l\u2019ensemble des m\u00e9dias sp\u00e9cialis\u00e9s.<\/p>\t\t\t\t\t\t\t\t<\/div>\n\t\t\t\t<\/div>\n\t\t\t\t\t<\/div>\n\t\t<\/div>\n\t\t\t\t\t<\/div>\n\t\t<\/section>\n\t\t\t\t<section class=\"elementor-section elementor-top-section elementor-element elementor-element-42bd374 elementor-section-height-min-height elementor-section-stretched elementor-section-boxed elementor-section-height-default elementor-section-items-middle\" data-id=\"42bd374\" data-element_type=\"section\" data-e-type=\"section\" data-settings=\"{&quot;stretch_section&quot;:&quot;section-stretched&quot;,&quot;background_background&quot;:&quot;classic&quot;}\">\n\t\t\t\t\t\t\t<div class=\"elementor-background-overlay\"><\/div>\n\t\t\t\t\t\t\t<div class=\"elementor-container elementor-column-gap-default\">\n\t\t\t\t\t<div class=\"elementor-column elementor-col-50 elementor-top-column elementor-element elementor-element-5cabb38\" data-id=\"5cabb38\" data-element_type=\"column\" data-e-type=\"column\">\n\t\t\t<div class=\"elementor-widget-wrap elementor-element-populated\">\n\t\t\t\t\t\t<div class=\"elementor-element elementor-element-051e7a3 elementor-widget elementor-widget-heading\" data-id=\"051e7a3\" data-element_type=\"widget\" data-e-type=\"widget\" data-widget_type=\"heading.default\">\n\t\t\t\t<div class=\"elementor-widget-container\">\n\t\t\t\t\t<h1 class=\"elementor-heading-title elementor-size-default\">Les \u00e9chelles de valeur de la note<\/h1>\t\t\t\t<\/div>\n\t\t\t\t<\/div>\n\t\t\t\t\t<\/div>\n\t\t<\/div>\n\t\t\t\t<div class=\"elementor-column elementor-col-50 elementor-top-column elementor-element elementor-element-fefbd94 elementor-hidden-tablet elementor-hidden-mobile\" data-id=\"fefbd94\" data-element_type=\"column\" data-e-type=\"column\">\n\t\t\t<div class=\"elementor-widget-wrap\">\n\t\t\t\t\t\t\t<\/div>\n\t\t<\/div>\n\t\t\t\t\t<\/div>\n\t\t<\/section>\n\t\t\t\t<section class=\"elementor-section elementor-top-section elementor-element elementor-element-e7d5c08 elementor-section-stretched elementor-section-boxed elementor-section-height-default elementor-section-height-default\" data-id=\"e7d5c08\" data-element_type=\"section\" data-e-type=\"section\" data-settings=\"{&quot;stretch_section&quot;:&quot;section-stretched&quot;,&quot;background_background&quot;:&quot;classic&quot;}\">\n\t\t\t\t\t\t<div class=\"elementor-container elementor-column-gap-no\">\n\t\t\t\t\t<div class=\"elementor-column elementor-col-100 elementor-top-column elementor-element elementor-element-4c438d6\" data-id=\"4c438d6\" data-element_type=\"column\" data-e-type=\"column\" data-settings=\"{&quot;background_background&quot;:&quot;classic&quot;}\">\n\t\t\t<div class=\"elementor-widget-wrap elementor-element-populated\">\n\t\t\t\t\t\t<div class=\"elementor-element elementor-element-0ff7bd4 elementor-widget elementor-widget-text-editor\" data-id=\"0ff7bd4\" data-element_type=\"widget\" data-e-type=\"widget\" data-widget_type=\"text-editor.default\">\n\t\t\t\t<div class=\"elementor-widget-container\">\n\t\t\t\t\t\t\t\t\t<p>Nos \u00e9chelles de notation varient du AAA \u00e0 D. Le choix de cette approche qualitatif se justifie du fait que la notation d\u2019un \u00e9tablissement scolaire ou universit\u00e9 doit se baser sur des crit\u00e8res qualitatifs et non quantitative qui ne permettent dans de juger de la qualit\u00e9 d\u2019un \u00e9tablissement. Car nous nous basons sur un ensemble d\u2019informations structur\u00e9es ou non mani\u00e8re syst\u00e9mique.<\/p><p>Ainsi, les \u00e9tablissements dont la note est comprise entre AAA et BBB sont des \u00e9coles ou universit\u00e9s s\u00fbres qui favorise un meilleur apprentissage avec une grande qualit\u00e9 des programmes et du corps professoral et une insertion des apprenants entre autres : il s\u2019agit d\u2018\u00e9tablissement \u00ab Higher recommanded \u00bb. Quant aux \u00e9tablissements dont la note est comprise entre BB et B, ils sont qualifi\u00e9s de \u00ab Lower recommanded \u00bb. Enfin, les \u00e9tablissements dont la note est entre C et D sont qualifi\u00e9s de \u00ab Not recommanded \u00bb.<\/p>\t\t\t\t\t\t\t\t<\/div>\n\t\t\t\t<\/div>\n\t\t\t\t\t<\/div>\n\t\t<\/div>\n\t\t\t\t\t<\/div>\n\t\t<\/section>\n\t\t\t\t<section class=\"elementor-section elementor-top-section elementor-element elementor-element-5ad9d35 elementor-section-stretched elementor-section-boxed elementor-section-height-default elementor-section-height-default\" data-id=\"5ad9d35\" data-element_type=\"section\" data-e-type=\"section\" data-settings=\"{&quot;stretch_section&quot;:&quot;section-stretched&quot;,&quot;background_background&quot;:&quot;classic&quot;}\">\n\t\t\t\t\t\t<div class=\"elementor-container elementor-column-gap-no\">\n\t\t\t\t\t<div class=\"elementor-column elementor-col-50 elementor-top-column elementor-element elementor-element-98be10f\" data-id=\"98be10f\" data-element_type=\"column\" data-e-type=\"column\">\n\t\t\t<div class=\"elementor-widget-wrap elementor-element-populated\">\n\t\t\t\t\t\t<div class=\"elementor-element elementor-element-cf57521 elementor-widget-tablet__width-initial elementor-widget elementor-widget-elementskit-heading\" data-id=\"cf57521\" data-element_type=\"widget\" data-e-type=\"widget\" data-widget_type=\"elementskit-heading.default\">\n\t\t\t\t<div class=\"elementor-widget-container\">\n\t\t\t\t\t<div class=\"ekit-wid-con\" ><div class=\"ekit-heading elementskit-section-title-wraper text_left   ekit_heading_tablet-   ekit_heading_mobile-\">\t\t\t\t<div class='ekit-heading__description'>\n\t\t\t\t\t<p>La notation vous permet d\u2019am\u00e9liorer le positionnement strat\u00e9gique de votre \u00e9tablissement et de b\u00e9n\u00e9ficier d\u2019un accompagnent sur l\u2019ensemble des aspects n\u00e9cessaires pour un meilleur apprentissage, en attirant plus d\u2019apprenants.<\/p>\n\t\t\t\t<\/div>\n\t\t\t<div class=\"ekit_heading_separetor_wraper ekit_heading_elementskit-border-divider ekit-dotted\"><div class=\"elementskit-border-divider ekit-dotted\"><\/div><\/div><\/div><\/div>\t\t\t\t<\/div>\n\t\t\t\t<\/div>\n\t\t\t\t<div class=\"elementor-element elementor-element-cfa9668 elementor-widget__width-initial elementor-widget-tablet__width-initial elementor-widget-mobile__width-initial elementor-hidden-desktop elementor-hidden-tablet elementor-widget elementor-widget-image\" data-id=\"cfa9668\" data-element_type=\"widget\" data-e-type=\"widget\" data-widget_type=\"image.default\">\n\t\t\t\t<div class=\"elementor-widget-container\">\n\t\t\t\t\t\t\t\t\t\t\t\t\t\t\t<img fetchpriority=\"high\" decoding=\"async\" width=\"536\" height=\"650\" src=\"https:\/\/school.iars-africa.org\/wp-content\/uploads\/2023\/09\/portrait-studio-elegant-homme-noir-americain-vetu-costume-fond-vignette-grise.png\" class=\"attachment-large size-large wp-image-371\" alt=\"\" srcset=\"https:\/\/school.iars-africa.org\/wp-content\/uploads\/2023\/09\/portrait-studio-elegant-homme-noir-americain-vetu-costume-fond-vignette-grise.png 536w, https:\/\/school.iars-africa.org\/wp-content\/uploads\/2023\/09\/portrait-studio-elegant-homme-noir-americain-vetu-costume-fond-vignette-grise-247x300.png 247w\" sizes=\"(max-width: 536px) 100vw, 536px\" \/>\t\t\t\t\t\t\t\t\t\t\t\t\t\t\t<\/div>\n\t\t\t\t<\/div>\n\t\t\t\t<div class=\"elementor-element elementor-element-4f6c483 elementor-widget elementor-widget-heading\" data-id=\"4f6c483\" data-element_type=\"widget\" data-e-type=\"widget\" data-widget_type=\"heading.default\">\n\t\t\t\t<div class=\"elementor-widget-container\">\n\t\t\t\t\t<h2 class=\"elementor-heading-title elementor-size-default\">COMMENCER LA NOTATION DE VOTRE \u00c9COLE<\/h2>\t\t\t\t<\/div>\n\t\t\t\t<\/div>\n\t\t\t\t<div class=\"elementor-element elementor-element-681f0bd elementor-align-left elementor-mobile-align-center elementor-tablet-align-center elementor-widget elementor-widget-button\" data-id=\"681f0bd\" data-element_type=\"widget\" data-e-type=\"widget\" data-widget_type=\"button.default\">\n\t\t\t\t<div class=\"elementor-widget-container\">\n\t\t\t\t\t\t\t\t\t<div class=\"elementor-button-wrapper\">\n\t\t\t\t\t<a class=\"elementor-button elementor-button-link elementor-size-md\" href=\"https:\/\/school.iars-africa.org\/index.php\/contact-notation\/\">\n\t\t\t\t\t\t<span class=\"elementor-button-content-wrapper\">\n\t\t\t\t\t\t\t\t\t<span class=\"elementor-button-text\">NOUS CONTACTER<\/span>\n\t\t\t\t\t<\/span>\n\t\t\t\t\t<\/a>\n\t\t\t\t<\/div>\n\t\t\t\t\t\t\t\t<\/div>\n\t\t\t\t<\/div>\n\t\t\t\t\t<\/div>\n\t\t<\/div>\n\t\t\t\t<div class=\"elementor-column elementor-col-50 elementor-top-column elementor-element elementor-element-9443516 elementor-hidden-tablet elementor-hidden-mobile\" data-id=\"9443516\" data-element_type=\"column\" data-e-type=\"column\">\n\t\t\t<div class=\"elementor-widget-wrap elementor-element-populated\">\n\t\t\t\t\t\t<div class=\"elementor-element elementor-element-7906710 elementor-widget__width-initial elementor-widget-tablet__width-initial elementor-widget-mobile__width-initial elementor-widget elementor-widget-image\" data-id=\"7906710\" data-element_type=\"widget\" data-e-type=\"widget\" data-widget_type=\"image.default\">\n\t\t\t\t<div class=\"elementor-widget-container\">\n\t\t\t\t\t\t\t\t\t\t\t\t\t\t\t<img fetchpriority=\"high\" decoding=\"async\" width=\"536\" height=\"650\" src=\"https:\/\/school.iars-africa.org\/wp-content\/uploads\/2023\/09\/portrait-studio-elegant-homme-noir-americain-vetu-costume-fond-vignette-grise.png\" class=\"attachment-large size-large wp-image-371\" alt=\"\" srcset=\"https:\/\/school.iars-africa.org\/wp-content\/uploads\/2023\/09\/portrait-studio-elegant-homme-noir-americain-vetu-costume-fond-vignette-grise.png 536w, https:\/\/school.iars-africa.org\/wp-content\/uploads\/2023\/09\/portrait-studio-elegant-homme-noir-americain-vetu-costume-fond-vignette-grise-247x300.png 247w\" sizes=\"(max-width: 536px) 100vw, 536px\" \/>\t\t\t\t\t\t\t\t\t\t\t\t\t\t\t<\/div>\n\t\t\t\t<\/div>\n\t\t\t\t\t<\/div>\n\t\t<\/div>\n\t\t\t\t\t<\/div>\n\t\t<\/section>\n\t\t\t\t<\/div>\n\t\t","protected":false},"excerpt":{"rendered":"<p>NOTATION NOTATION Vous \u00eates une \u00e9cole ou universit\u00e9 et vous souhaitez savoir si vous \u00eates mieux positionner dans votre environnement comme une \u00e9cole ou universit\u00e9 de r\u00e9f\u00e9rence ? School Rating vous \u00e9value pour comprendre votre positionnement et vous aide \u00e0 l\u2019am\u00e9liorer \u00e0 travers un accompagnement sur mesure sur l\u2019ensemble des aspects n\u00e9cessaires pour un meilleur [&hellip;]<\/p>\n","protected":false},"author":1,"featured_media":0,"parent":0,"menu_order":0,"comment_status":"closed","ping_status":"closed","template":"","meta":{"footnotes":""},"class_list":["post-37","page","type-page","status-publish","hentry"],"_links":{"self":[{"href":"https:\/\/school.iars-africa.org\/index.php\/wp-json\/wp\/v2\/pages\/37","targetHints":{"allow":["GET"]}}],"collection":[{"href":"https:\/\/school.iars-africa.org\/index.php\/wp-json\/wp\/v2\/pages"}],"about":[{"href":"https:\/\/school.iars-africa.org\/index.php\/wp-json\/wp\/v2\/types\/page"}],"author":[{"embeddable":true,"href":"https:\/\/school.iars-africa.org\/index.php\/wp-json\/wp\/v2\/users\/1"}],"replies":[{"embeddable":true,"href":"https:\/\/school.iars-africa.org\/index.php\/wp-json\/wp\/v2\/comments?post=37"}],"version-history":[{"count":67,"href":"https:\/\/school.iars-africa.org\/index.php\/wp-json\/wp\/v2\/pages\/37\/revisions"}],"predecessor-version":[{"id":1216,"href":"https:\/\/school.iars-africa.org\/index.php\/wp-json\/wp\/v2\/pages\/37\/revisions\/1216"}],"wp:attachment":[{"href":"https:\/\/school.iars-africa.org\/index.php\/wp-json\/wp\/v2\/media?parent=37"}],"curies":[{"name":"wp","href":"https:\/\/api.w.org\/{rel}","templated":true}]}}