{"id":272,"date":"2023-09-18T00:06:20","date_gmt":"2023-09-17T22:06:20","guid":{"rendered":"https:\/\/school.iars-africa.org\/?page_id=272"},"modified":"2023-09-21T09:56:44","modified_gmt":"2023-09-21T07:56:44","slug":"etre-mentore","status":"publish","type":"page","link":"https:\/\/school.iars-africa.org\/index.php\/etre-mentore\/","title":{"rendered":"Etre mentore"},"content":{"rendered":"\t\t<div data-elementor-type=\"wp-page\" data-elementor-id=\"272\" class=\"elementor elementor-272\">\n\t\t\t\t\t\t<section class=\"elementor-section elementor-top-section elementor-element elementor-element-5f39cec elementor-section-full_width elementor-section-height-min-height elementor-section-stretched elementor-section-height-default elementor-section-items-middle\" data-id=\"5f39cec\" data-element_type=\"section\" data-e-type=\"section\" data-settings=\"{&quot;stretch_section&quot;:&quot;section-stretched&quot;,&quot;background_background&quot;:&quot;classic&quot;}\">\n\t\t\t\t\t\t\t<div class=\"elementor-background-overlay\"><\/div>\n\t\t\t\t\t\t\t<div class=\"elementor-container elementor-column-gap-default\">\n\t\t\t\t\t<div class=\"elementor-column elementor-col-100 elementor-top-column elementor-element elementor-element-3effd0b\" data-id=\"3effd0b\" data-element_type=\"column\" data-e-type=\"column\">\n\t\t\t<div class=\"elementor-widget-wrap elementor-element-populated\">\n\t\t\t\t\t\t<div class=\"elementor-element elementor-element-020fb2c elementor-widget elementor-widget-heading\" data-id=\"020fb2c\" data-element_type=\"widget\" data-e-type=\"widget\" data-widget_type=\"heading.default\">\n\t\t\t\t<div class=\"elementor-widget-container\">\n\t\t\t\t\t<h1 class=\"elementor-heading-title elementor-size-default\">ETRE MENTORE<\/h1>\t\t\t\t<\/div>\n\t\t\t\t<\/div>\n\t\t\t\t<div class=\"elementor-element elementor-element-91264b5 elementor-widget-divider--view-line elementor-widget elementor-widget-divider\" data-id=\"91264b5\" data-element_type=\"widget\" data-e-type=\"widget\" data-widget_type=\"divider.default\">\n\t\t\t\t<div class=\"elementor-widget-container\">\n\t\t\t\t\t\t\t<div class=\"elementor-divider\">\n\t\t\t<span class=\"elementor-divider-separator\">\n\t\t\t\t\t\t<\/span>\n\t\t<\/div>\n\t\t\t\t\t\t<\/div>\n\t\t\t\t<\/div>\n\t\t\t\t\t<\/div>\n\t\t<\/div>\n\t\t\t\t\t<\/div>\n\t\t<\/section>\n\t\t\t\t<section class=\"elementor-section elementor-top-section elementor-element elementor-element-54b9afc mentore_titre elementor-section-full_width elementor-section-stretched elementor-section-height-default elementor-section-height-default\" data-id=\"54b9afc\" data-element_type=\"section\" data-e-type=\"section\" id=\"mentore_titre\" data-settings=\"{&quot;background_background&quot;:&quot;classic&quot;,&quot;stretch_section&quot;:&quot;section-stretched&quot;}\">\n\t\t\t\t\t\t<div class=\"elementor-container elementor-column-gap-default\">\n\t\t\t\t\t<div class=\"elementor-column elementor-col-100 elementor-top-column elementor-element elementor-element-a57ee5a coachpress-section7-mid\" data-id=\"a57ee5a\" data-element_type=\"column\" data-e-type=\"column\">\n\t\t\t<div class=\"elementor-widget-wrap elementor-element-populated\">\n\t\t\t\t\t\t<div class=\"elementor-element elementor-element-a4004aa elementor-align-center coachpress-asfeatured-btn elementor-widget elementor-widget-button\" data-id=\"a4004aa\" data-element_type=\"widget\" data-e-type=\"widget\" data-widget_type=\"button.default\">\n\t\t\t\t<div class=\"elementor-widget-container\">\n\t\t\t\t\t\t\t\t\t<div class=\"elementor-button-wrapper\">\n\t\t\t\t\t<a class=\"elementor-button elementor-size-sm\" role=\"button\">\n\t\t\t\t\t\t<span class=\"elementor-button-content-wrapper\">\n\t\t\t\t\t\t\t\t\t<span class=\"elementor-button-text\">ETRE MENTORE<\/span>\n\t\t\t\t\t<\/span>\n\t\t\t\t\t<\/a>\n\t\t\t\t<\/div>\n\t\t\t\t\t\t\t\t<\/div>\n\t\t\t\t<\/div>\n\t\t\t\t\t<\/div>\n\t\t<\/div>\n\t\t\t\t\t<\/div>\n\t\t<\/section>\n\t\t\t\t<div class=\"elementor-section elementor-top-section elementor-element elementor-element-423431cf elementor-section-content-middle elementor-section-stretched elementor-section-boxed elementor-section-height-default elementor-section-height-default\" data-id=\"423431cf\" data-element_type=\"section\" data-e-type=\"section\" data-settings=\"{&quot;stretch_section&quot;:&quot;section-stretched&quot;,&quot;background_background&quot;:&quot;classic&quot;}\">\n\t\t\t\t\t\t<div class=\"elementor-container elementor-column-gap-default\">\n\t\t\t\t\t<div class=\"elementor-column elementor-col-100 elementor-top-column elementor-element elementor-element-710aaef0\" data-id=\"710aaef0\" data-element_type=\"column\" data-e-type=\"column\">\n\t\t\t<div class=\"elementor-widget-wrap elementor-element-populated\">\n\t\t\t\t\t\t<div class=\"elementor-element elementor-element-5ea05673 elementor-button-align-start elementor-widget elementor-widget-form\" data-id=\"5ea05673\" data-element_type=\"widget\" data-e-type=\"widget\" data-settings=\"{&quot;step_next_label&quot;:&quot;Next&quot;,&quot;step_previous_label&quot;:&quot;Previous&quot;,&quot;button_width&quot;:&quot;100&quot;,&quot;step_type&quot;:&quot;number_text&quot;,&quot;step_icon_shape&quot;:&quot;circle&quot;}\" data-widget_type=\"form.default\">\n\t\t\t\t<div class=\"elementor-widget-container\">\n\t\t\t\t\t\t\t<form class=\"elementor-form\" method=\"post\" id=\"etre_mentore_form\" name=\"Form_etre_mentore\">\n\t\t\t<input type=\"hidden\" name=\"post_id\" value=\"272\"\/>\n\t\t\t<input type=\"hidden\" name=\"form_id\" value=\"5ea05673\"\/>\n\t\t\t<input type=\"hidden\" name=\"referer_title\" value=\"\" \/>\n\n\t\t\t\n\t\t\t<div class=\"elementor-form-fields-wrapper elementor-labels-above\">\n\t\t\t\t\t\t\t\t<div class=\"elementor-field-type-step elementor-field-group elementor-column elementor-field-group-field_f840010 elementor-col-100\">\n\t\t\t\t\t\t\t<div class=\"e-field-step elementor-hidden\" data-label=\"Accompagnement\" data-previousButton=\"Pr\u00e9c\u00e9dent\" data-nextButton=\"Suivant\" data-iconUrl=\"\" data-iconLibrary=\"fas fa-star\" data-icon=\"\" ><\/div>\n\n\t\t\t\t\t\t<\/div>\n\t\t\t\t\t\t\t\t<div class=\"elementor-field-type-html elementor-field-group elementor-column elementor-field-group-field_678c8b3 elementor-col-100\">\n\t\t\t\t\t<strong>TU AS BESOIN D'AIDE POUR ...<\/strong><br\/>\n<span>S\u00e9lectionne 3 besoins au maximum, du plus au moins important<\/span>\t\t\t\t<\/div>\n\t\t\t\t\t\t\t\t<div class=\"elementor-field-type-checkbox elementor-field-group elementor-column elementor-field-group-field_d31fc2f elementor-col-100\">\n\t\t\t\t\t<div class=\"elementor-field-subgroup  \"><span class=\"elementor-field-option\"><input type=\"checkbox\" value=\"D\u00c9COUVRIR (D\u00e9couvre m\u00e9tiers et cursus avec ceux qui les ont exp\u00e9riment\u00e9s.)\" id=\"form-field-field_d31fc2f-0\" name=\"form_fields[field_d31fc2f][]\"> <label for=\"form-field-field_d31fc2f-0\">D\u00c9COUVRIR (D\u00e9couvre m\u00e9tiers et cursus avec ceux qui les ont exp\u00e9riment\u00e9s.)<\/label><\/span><span class=\"elementor-field-option\"><input type=\"checkbox\" value=\" T&#039;INS\u00c9RER (Augmente tes chances de trouver et bien d\u00e9marrer stage, alternance ou premier emploi avec les conseils d&#039;un mentor exp\u00e9riment\u00e9.)\" id=\"form-field-field_d31fc2f-1\" name=\"form_fields[field_d31fc2f][]\"> <label for=\"form-field-field_d31fc2f-1\"> T'INS\u00c9RER (Augmente tes chances de trouver et bien d\u00e9marrer stage, alternance ou premier emploi avec les conseils d'un mentor exp\u00e9riment\u00e9.)<\/label><\/span><span class=\"elementor-field-option\"><input type=\"checkbox\" value=\" TE MOTIVER (Un mentor l\u00e0, pr\u00e9sent, pour te soutenir et te motiver.)\" id=\"form-field-field_d31fc2f-2\" name=\"form_fields[field_d31fc2f][]\"> <label for=\"form-field-field_d31fc2f-2\"> TE MOTIVER (Un mentor l\u00e0, pr\u00e9sent, pour te soutenir et te motiver.)<\/label><\/span><span class=\"elementor-field-option\"><input type=\"checkbox\" value=\" PERFORMER (Mieux r\u00e9viser, mieux s\u2019organiser, mieux s\u2019entra\u00eener, d\u00e9couvre toi... mais en mieux.)\" id=\"form-field-field_d31fc2f-3\" name=\"form_fields[field_d31fc2f][]\"> <label for=\"form-field-field_d31fc2f-3\"> PERFORMER (Mieux r\u00e9viser, mieux s\u2019organiser, mieux s\u2019entra\u00eener, d\u00e9couvre toi... mais en mieux.)<\/label><\/span><span class=\"elementor-field-option\"><input type=\"checkbox\" value=\" PRATIQUER L&#039; ANGLAIS (Discuter en anglais pour progresser.)\" id=\"form-field-field_d31fc2f-4\" name=\"form_fields[field_d31fc2f][]\"> <label for=\"form-field-field_d31fc2f-4\"> PRATIQUER L' ANGLAIS (Discuter en anglais pour progresser.)<\/label><\/span><\/div>\t\t\t\t<\/div>\n\t\t\t\t\t\t\t\t<div class=\"elementor-field-type-step elementor-field-group elementor-column elementor-field-group-field_b48f241 elementor-col-100\">\n\t\t\t\t\t\t\t<div class=\"e-field-step elementor-hidden\" data-label=\"Cursus\" data-previousButton=\"Pr\u00e9c\u00e9dent\" data-nextButton=\"Suivant\" data-iconUrl=\"\" data-iconLibrary=\"fas fa-star\" data-icon=\"\" ><\/div>\n\n\t\t\t\t\t\t<\/div>\n\t\t\t\t\t\t\t\t<div class=\"elementor-field-type-select elementor-field-group elementor-column elementor-field-group-field_5ee635f elementor-col-50\">\n\t\t\t\t\t\t\t\t\t\t\t\t<label for=\"form-field-field_5ee635f\" class=\"elementor-field-label\">\n\t\t\t\t\t\t\t\tQuel est ton cursus actuel ?\t\t\t\t\t\t\t<\/label>\n\t\t\t\t\t\t\t\t<div class=\"elementor-field elementor-select-wrapper \">\n\t\t\t<select name=\"form_fields[field_5ee635f]\" id=\"form-field-field_5ee635f\" class=\"elementor-field-textual elementor-size-md\">\n\t\t\t\t\t\t\t\t\t<option value=\"BTS\">BTS<\/option>\n\t\t\t\t\t\t\t\t\t<option value=\"DUT\">DUT<\/option>\n\t\t\t\t\t\t\t\t\t<option value=\"DOCTORAT\">DOCTORAT<\/option>\n\t\t\t\t\t\t\t\t\t<option value=\"ECOLE POST-BAC\">ECOLE POST-BAC<\/option>\n\t\t\t\t\t\t\t\t\t<option value=\"GRANDE ECOLE\">GRANDE ECOLE<\/option>\n\t\t\t\t\t\t\t\t\t<option value=\"LICENCE A L&#039;UNIVERSITE\">LICENCE A L&#039;UNIVERSITE<\/option>\n\t\t\t\t\t\t\t\t\t<option value=\"MASTER A L&#039;UNIVERSITE\">MASTER A L&#039;UNIVERSITE<\/option>\n\t\t\t\t\t\t\t\t\t<option value=\"LYCEE\">LYCEE<\/option>\n\t\t\t\t\t\t\t<\/select>\n\t\t<\/div>\n\t\t\t\t\t\t<\/div>\n\t\t\t\t\t\t\t\t<div class=\"elementor-field-type-select elementor-field-group elementor-column elementor-field-group-field_d32a85c elementor-col-50\">\n\t\t\t\t\t\t\t\t\t\t\t\t<label for=\"form-field-field_d32a85c\" class=\"elementor-field-label\">\n\t\t\t\t\t\t\t\tNiveau actuel \t\t\t\t\t\t\t<\/label>\n\t\t\t\t\t\t\t\t<div class=\"elementor-field elementor-select-wrapper \">\n\t\t\t<select name=\"form_fields[field_d32a85c]\" id=\"form-field-field_d32a85c\" class=\"elementor-field-textual elementor-size-md\">\n\t\t\t\t\t\t\t\t\t<option value=\"TROISIEME\">TROISIEME<\/option>\n\t\t\t\t\t\t\t\t\t<option value=\"SECONDE\">SECONDE<\/option>\n\t\t\t\t\t\t\t\t\t<option value=\"PREMIERE\">PREMIERE<\/option>\n\t\t\t\t\t\t\t\t\t<option value=\"TERMINALE\">TERMINALE<\/option>\n\t\t\t\t\t\t\t\t\t<option value=\"BAC+1\">BAC+1<\/option>\n\t\t\t\t\t\t\t\t\t<option value=\"BAC+2\">BAC+2<\/option>\n\t\t\t\t\t\t\t\t\t<option value=\"BAC+3\">BAC+3<\/option>\n\t\t\t\t\t\t\t\t\t<option value=\"BAC+4\">BAC+4<\/option>\n\t\t\t\t\t\t\t\t\t<option value=\"BAC+5\">BAC+5<\/option>\n\t\t\t\t\t\t\t\t\t<option value=\"BAC+5 ET PLUS\">BAC+5 ET PLUS<\/option>\n\t\t\t\t\t\t\t<\/select>\n\t\t<\/div>\n\t\t\t\t\t\t<\/div>\n\t\t\t\t\t\t\t\t<div class=\"elementor-field-type-select elementor-field-group elementor-column elementor-field-group-field_109c12b elementor-col-50\">\n\t\t\t\t\t\t\t\t\t\t\t\t<label for=\"form-field-field_109c12b\" class=\"elementor-field-label\">\n\t\t\t\t\t\t\t\tMa fili\u00e8re \t\t\t\t\t\t\t<\/label>\n\t\t\t\t\t\t\t\t<div class=\"elementor-field elementor-select-wrapper \">\n\t\t\t<select name=\"form_fields[field_109c12b]\" id=\"form-field-field_109c12b\" class=\"elementor-field-textual elementor-size-md\">\n\t\t\t\t\t\t\t\t\t<option value=\"ADMINISTRATION, ACCUEIL\">ADMINISTRATION, ACCUEIL<\/option>\n\t\t\t\t\t\t\t<\/select>\n\t\t<\/div>\n\t\t\t\t\t\t<\/div>\n\t\t\t\t\t\t\t\t<div class=\"elementor-field-type-select elementor-field-group elementor-column elementor-field-group-field_dc210c2 elementor-col-50\">\n\t\t\t\t\t\t\t\t\t\t\t\t<label for=\"form-field-field_dc210c2\" class=\"elementor-field-label\">\n\t\t\t\t\t\t\t\tEs-tu boursier ? \t\t\t\t\t\t\t<\/label>\n\t\t\t\t\t\t\t\t<div class=\"elementor-field elementor-select-wrapper \">\n\t\t\t<select name=\"form_fields[field_dc210c2]\" id=\"form-field-field_dc210c2\" class=\"elementor-field-textual elementor-size-md\">\n\t\t\t\t\t\t\t\t\t<option value=\"OUI\">OUI<\/option>\n\t\t\t\t\t\t\t\t\t<option value=\"NON\">NON<\/option>\n\t\t\t\t\t\t\t\t\t<option value=\"JE NE SAIS PAS\">JE NE SAIS PAS<\/option>\n\t\t\t\t\t\t\t\t\t<option value=\"EN ATTENTE DE BOURSE\">EN ATTENTE DE BOURSE<\/option>\n\t\t\t\t\t\t\t<\/select>\n\t\t<\/div>\n\t\t\t\t\t\t<\/div>\n\t\t\t\t\t\t\t\t<div class=\"elementor-field-type-step elementor-field-group elementor-column elementor-field-group-field_846686e elementor-col-100\">\n\t\t\t\t\t\t\t<div class=\"e-field-step elementor-hidden\" data-label=\"Apr\u00e8s dipl\u00f4me\" data-previousButton=\"Pr\u00e9c\u00e9dent\" data-nextButton=\"Suivant\" data-iconUrl=\"\" data-iconLibrary=\"fas fa-star\" data-icon=\"\" ><\/div>\n\n\t\t\t\t\t\t<\/div>\n\t\t\t\t\t\t\t\t<div class=\"elementor-field-type-html elementor-field-group elementor-column elementor-field-group-field_9095dee elementor-col-100\">\n\t\t\t\t\t<strong>TU AS UNE IDEE DE CE QUE TU VEUX FAIRE APRES TON DIPLOME ?<\/strong><br\/>\t\t\t\t<\/div>\n\t\t\t\t\t\t\t\t<div class=\"elementor-field-type-text elementor-field-group elementor-column elementor-field-group-field_64da95d elementor-col-50\">\n\t\t\t\t\t\t\t\t\t\t\t\t<label for=\"form-field-field_64da95d\" class=\"elementor-field-label\">\n\t\t\t\t\t\t\t\tChoix 1: \t\t\t\t\t\t\t<\/label>\n\t\t\t\t\t\t\t\t\t\t\t\t\t\t<input size=\"1\" type=\"text\" name=\"form_fields[field_64da95d]\" id=\"form-field-field_64da95d\" class=\"elementor-field elementor-size-md  elementor-field-textual\">\n\t\t\t\t\t\t\t\t\t\t\t<\/div>\n\t\t\t\t\t\t\t\t<div class=\"elementor-field-type-text elementor-field-group elementor-column elementor-field-group-field_0068d12 elementor-col-50\">\n\t\t\t\t\t\t\t\t\t\t\t\t<label for=\"form-field-field_0068d12\" class=\"elementor-field-label\">\n\t\t\t\t\t\t\t\tChoix 2: \t\t\t\t\t\t\t<\/label>\n\t\t\t\t\t\t\t\t\t\t\t\t\t\t<input size=\"1\" type=\"text\" name=\"form_fields[field_0068d12]\" id=\"form-field-field_0068d12\" class=\"elementor-field elementor-size-md  elementor-field-textual\">\n\t\t\t\t\t\t\t\t\t\t\t<\/div>\n\t\t\t\t\t\t\t\t<div class=\"elementor-field-type-textarea elementor-field-group elementor-column elementor-field-group-field_7ae5cc3 elementor-col-100\">\n\t\t\t\t\t\t\t\t\t\t\t\t<label for=\"form-field-field_7ae5cc3\" class=\"elementor-field-label\">\n\t\t\t\t\t\t\t\tD\u00e9cris nous ton projet professionnel si tu en as un.\t\t\t\t\t\t\t<\/label>\n\t\t\t\t\t\t<textarea class=\"elementor-field-textual elementor-field  elementor-size-md\" name=\"form_fields[field_7ae5cc3]\" id=\"form-field-field_7ae5cc3\" rows=\"4\"><\/textarea>\t\t\t\t<\/div>\n\t\t\t\t\t\t\t\t<div class=\"elementor-field-type-step elementor-field-group elementor-column elementor-field-group-field_16ddaf7 elementor-col-100\">\n\t\t\t\t\t\t\t<div class=\"e-field-step elementor-hidden\" data-label=\"Infos personnelles\" data-previousButton=\"Pr\u00e9c\u00e9dent\" data-nextButton=\"Suivant\" data-iconUrl=\"\" data-iconLibrary=\"fas fa-star\" data-icon=\"\" ><\/div>\n\n\t\t\t\t\t\t<\/div>\n\t\t\t\t\t\t\t\t<div class=\"elementor-field-type-select elementor-field-group elementor-column elementor-field-group-civilite elementor-col-50\">\n\t\t\t\t\t\t\t\t\t\t\t\t<label for=\"form-field-civilite\" class=\"elementor-field-label\">\n\t\t\t\t\t\t\t\tCivilit\u00e9\t\t\t\t\t\t\t<\/label>\n\t\t\t\t\t\t\t\t<div class=\"elementor-field elementor-select-wrapper \">\n\t\t\t<select name=\"form_fields[civilite]\" id=\"form-field-civilite\" class=\"elementor-field-textual elementor-size-md\">\n\t\t\t\t\t\t\t\t\t<option value=\"Monsieur\" selected=\"selected\">Monsieur<\/option>\n\t\t\t\t\t\t\t\t\t<option value=\"Madame\">Madame<\/option>\n\t\t\t\t\t\t\t\t\t<option value=\"Mademoiselle\">Mademoiselle<\/option>\n\t\t\t\t\t\t\t<\/select>\n\t\t<\/div>\n\t\t\t\t\t\t<\/div>\n\t\t\t\t\t\t\t\t<div class=\"elementor-field-type-text elementor-field-group elementor-column elementor-field-group-field_a9339aa elementor-col-50\">\n\t\t\t\t\t\t\t\t\t\t\t\t<label for=\"form-field-field_a9339aa\" class=\"elementor-field-label\">\n\t\t\t\t\t\t\t\tNom complet\t\t\t\t\t\t\t<\/label>\n\t\t\t\t\t\t\t\t\t\t\t\t\t\t<input size=\"1\" type=\"text\" name=\"form_fields[field_a9339aa]\" id=\"form-field-field_a9339aa\" class=\"elementor-field elementor-size-md  elementor-field-textual\" placeholder=\"Nom complet\">\n\t\t\t\t\t\t\t\t\t\t\t<\/div>\n\t\t\t\t\t\t\t\t<div class=\"elementor-field-type-date elementor-field-group elementor-column elementor-field-group-field_04a1a9f elementor-col-50\">\n\t\t\t\t\t\t\t\t\t\t\t\t<label for=\"form-field-field_04a1a9f\" class=\"elementor-field-label\">\n\t\t\t\t\t\t\t\t Date de naissance \t\t\t\t\t\t\t<\/label>\n\t\t\t\t\t\t\n\t\t<input type=\"date\" name=\"form_fields[field_04a1a9f]\" id=\"form-field-field_04a1a9f\" class=\"elementor-field elementor-size-md  elementor-field-textual elementor-date-field\" placeholder=\" Date de naissance \" pattern=\"[0-9]{4}-[0-9]{2}-[0-9]{2}\">\n\t\t\t\t\t\t<\/div>\n\t\t\t\t\t\t\t\t<div class=\"elementor-field-type-text elementor-field-group elementor-column elementor-field-group-field_b507a50 elementor-col-50\">\n\t\t\t\t\t\t\t\t\t\t\t\t<label for=\"form-field-field_b507a50\" class=\"elementor-field-label\">\n\t\t\t\t\t\t\t\tPays \t\t\t\t\t\t\t<\/label>\n\t\t\t\t\t\t\t\t\t\t\t\t\t\t<input size=\"1\" type=\"text\" name=\"form_fields[field_b507a50]\" id=\"form-field-field_b507a50\" class=\"elementor-field elementor-size-md  elementor-field-textual\" placeholder=\"Pays \">\n\t\t\t\t\t\t\t\t\t\t\t<\/div>\n\t\t\t\t\t\t\t\t<div class=\"elementor-field-type-tel elementor-field-group elementor-column elementor-field-group-tel elementor-col-50\">\n\t\t\t\t\t\t\t\t\t\t\t\t<label for=\"form-field-tel\" class=\"elementor-field-label\">\n\t\t\t\t\t\t\t\tT\u00e9l\u00e9phone \t\t\t\t\t\t\t<\/label>\n\t\t\t\t\t\t\t\t<input size=\"1\" type=\"tel\" name=\"form_fields[tel]\" id=\"form-field-tel\" class=\"elementor-field elementor-size-md  elementor-field-textual\" placeholder=\"T\u00e9l\u00e9phone \" pattern=\"[0-9()#&amp;+*-=.]+\" title=\"Only numbers and phone characters (#, -, *, etc) are accepted.\">\n\n\t\t\t\t\t\t<\/div>\n\t\t\t\t\t\t\t\t<div class=\"elementor-field-type-text elementor-field-group elementor-column elementor-field-group-field_b4be1fa elementor-col-50\">\n\t\t\t\t\t\t\t\t\t\t\t\t<label for=\"form-field-field_b4be1fa\" class=\"elementor-field-label\">\n\t\t\t\t\t\t\t\tVille\/Quartier \t\t\t\t\t\t\t<\/label>\n\t\t\t\t\t\t\t\t\t\t\t\t\t\t<input size=\"1\" type=\"text\" name=\"form_fields[field_b4be1fa]\" id=\"form-field-field_b4be1fa\" class=\"elementor-field elementor-size-md  elementor-field-textual\" placeholder=\"Ville\/Quartier \">\n\t\t\t\t\t\t\t\t\t\t\t<\/div>\n\t\t\t\t\t\t\t\t<div class=\"elementor-field-type-email elementor-field-group elementor-column elementor-field-group-field_24856b6 elementor-col-50\">\n\t\t\t\t\t\t\t\t\t\t\t\t<label for=\"form-field-field_24856b6\" class=\"elementor-field-label\">\n\t\t\t\t\t\t\t\tTon mail \t\t\t\t\t\t\t<\/label>\n\t\t\t\t\t\t\t\t\t\t\t\t\t\t<input size=\"1\" type=\"email\" name=\"form_fields[field_24856b6]\" id=\"form-field-field_24856b6\" class=\"elementor-field elementor-size-md  elementor-field-textual\" placeholder=\"Ton mail\">\n\t\t\t\t\t\t\t\t\t\t\t<\/div>\n\t\t\t\t\t\t\t\t<div class=\"elementor-field-type-step elementor-field-group elementor-column elementor-field-group-field_65aee0a elementor-col-100\">\n\t\t\t\t\t\t\t<div class=\"e-field-step elementor-hidden\" data-label=\"Validation\" data-previousButton=\"Pr\u00e9c\u00e9dent\" data-nextButton=\"Suivant\" data-iconUrl=\"\" data-iconLibrary=\"fas fa-star\" data-icon=\"\" ><\/div>\n\n\t\t\t\t\t\t<\/div>\n\t\t\t\t\t\t\t\t<div class=\"elementor-field-type-html elementor-field-group elementor-column elementor-field-group-field_a380312 elementor-col-100\">\n\t\t\t\t\t<span>EN COCHANT CES CASES ; <\/span><br\/>\n   \n    \n  <input type=\"checkbox\" id=\"confidentialite\" name=\"confidentialite\" value=\"Boat\">\n  <label for=\"confidentialite\"> J'accepte <a href=\"\" style=\"color:#FFDF1B; text-decoration:none\"><strong>la politique de confidentialit\u00e9 et de protection des donn\u00e9es.<\/strong><\/a><\/label><br>\n  \n  <input type=\"checkbox\" id=\"newsletter\" name=\"newsletter\" value=\"Boat\">\n  <label for=\"newsletter\"> J'accepte de recevoir la newsletter de schoolrating.com<\/label><br\/><br\/>\t\t\t\t<\/div>\n\t\t\t\t\t\t\t\t<div class=\"elementor-field-group elementor-column elementor-field-type-submit elementor-col-100 e-form__buttons\">\n\t\t\t\t\t<button type=\"submit\" class=\"elementor-button elementor-size-md\">\n\t\t\t\t\t\t<span >\n\t\t\t\t\t\t\t\t\t\t\t\t\t\t\t<span class=\" elementor-button-icon\">\n\t\t\t\t\t\t\t\t\t\t\t\t\t\t\t\t\t\t\t\t\t\t\t\t\t\t<\/span>\n\t\t\t\t\t\t\t\t\t\t\t\t\t\t\t\t\t\t\t\t\t\t<span class=\"elementor-button-text\">ENVOYER<\/span>\n\t\t\t\t\t\t\t\t\t\t\t\t\t<\/span>\n\t\t\t\t\t<\/button>\n\t\t\t\t<\/div>\n\t\t\t<\/div>\n\t\t<\/form>\n\t\t\t\t\t\t<\/div>\n\t\t\t\t<\/div>\n\t\t\t\t\t<\/div>\n\t\t<\/div>\n\t\t\t\t\t<\/div>\n\t\t<\/div>\n\t\t\t\t<\/div>\n\t\t","protected":false},"excerpt":{"rendered":"<p>ETRE MENTORE ETRE MENTORE<\/p>\n","protected":false},"author":1,"featured_media":0,"parent":0,"menu_order":0,"comment_status":"closed","ping_status":"closed","template":"","meta":{"footnotes":""},"class_list":["post-272","page","type-page","status-publish","hentry"],"_links":{"self":[{"href":"https:\/\/school.iars-africa.org\/index.php\/wp-json\/wp\/v2\/pages\/272","targetHints":{"allow":["GET"]}}],"collection":[{"href":"https:\/\/school.iars-africa.org\/index.php\/wp-json\/wp\/v2\/pages"}],"about":[{"href":"https:\/\/school.iars-africa.org\/index.php\/wp-json\/wp\/v2\/types\/page"}],"author":[{"embeddable":true,"href":"https:\/\/school.iars-africa.org\/index.php\/wp-json\/wp\/v2\/users\/1"}],"replies":[{"embeddable":true,"href":"https:\/\/school.iars-africa.org\/index.php\/wp-json\/wp\/v2\/comments?post=272"}],"version-history":[{"count":10,"href":"https:\/\/school.iars-africa.org\/index.php\/wp-json\/wp\/v2\/pages\/272\/revisions"}],"predecessor-version":[{"id":974,"href":"https:\/\/school.iars-africa.org\/index.php\/wp-json\/wp\/v2\/pages\/272\/revisions\/974"}],"wp:attachment":[{"href":"https:\/\/school.iars-africa.org\/index.php\/wp-json\/wp\/v2\/media?parent=272"}],"curies":[{"name":"wp","href":"https:\/\/api.w.org\/{rel}","templated":true}]}}